{"id":6,"date":"2019-08-11T15:25:38","date_gmt":"2019-08-11T15:25:38","guid":{"rendered":"https:\/\/freudenhof.de\/?page_id=6"},"modified":"2026-04-14T13:55:44","modified_gmt":"2026-04-14T13:55:44","slug":"freudenhof","status":"publish","type":"page","link":"https:\/\/freudenhof.de\/","title":{"rendered":"Freudenhof"},"content":{"rendered":"\n<h2 class=\"wp-block-heading\">Willkommen auf dem Freudenhof!<\/h2>\n\n\n\n<p>Wir (Familie Petersen) bewirtschaften einen kleinen Bioland-Betrieb in Freienwill, s\u00fcdlich von Flensburg. Auf knapp 10 Hektar Land bauen wir <strong>seit 1985<\/strong> unter anderem Gem\u00fcse, Kartoffeln, Obst, Blumen und Kr\u00e4uter an.<\/p>\n\n\n\n<p>Wir verkaufen unsere Produkte in und aus der Region, unter anderem von Mitte April bis Mitte November samstags 9-13 Uhr in Flensburg-M\u00fcrwik am Twedter Plack vor der Zahnarztpraxis am Plack und der Textilreinigung Wendt.<\/p>\n\n\n\n<p>Unsere <a href=\"https:\/\/freudenhof.de\/?page_id=53\" data-type=\"page\" data-id=\"53\">Bio-Wunschkiste<\/a> liefern wir w\u00f6chentlich nach Online-Bestellung bzw Email-Bestellung auch im Winter ganzj\u00e4hrig freitags zu unseren Kund*innen.<\/p>\n\n\n\n<blockquote class=\"wp-block-quote is-layout-flow wp-block-quote-is-layout-flow\">\n<p><strong>Wochenmarkt<\/strong><br><strong>Die Winterpause ist nun zuende<\/strong><\/p>\n<\/blockquote>\n\n\n\n<div class=\"wp-block-media-text is-stacked-on-mobile is-style-default\"><figure class=\"wp-block-media-text__media\"><img loading=\"lazy\" decoding=\"async\" width=\"633\" height=\"316\" src=\"https:\/\/freudenhof.de\/wp-content\/uploads\/2025\/04\/logo-oekolandbau.png\" alt=\"\" class=\"wp-image-321 size-full\" srcset=\"https:\/\/freudenhof.de\/wp-content\/uploads\/2025\/04\/logo-oekolandbau.png 633w, https:\/\/freudenhof.de\/wp-content\/uploads\/2025\/04\/logo-oekolandbau-300x150.png 300w\" sizes=\"auto, (max-width: 633px) 100vw, 633px\" \/><\/figure><div class=\"wp-block-media-text__content\">\n<p><strong>\u00d6kolandbau<\/strong><br>Mit dieser Ma\u00dfnahme werden landwirtschaftliche Betriebe bei der Einf\u00fchrung von \u00f6kologischer Landwirtschaft und deren Beibehaltung unterst\u00fctzt.<\/p>\n\n\n\n<p><strong>Agrarumwelt- und Klimama\u00dfnahmen<\/strong><br>Mit dieser Ma\u00dfnahme werden landwirtschaftliche Betriebe bei der Erhaltung und Verbesserung der Umweltsituation unterst\u00fctzt. Ziel ist eine nachhaltige und ressourcenschonende Bewirtschaftung in Bezug auf Artenvielfalt, Boden, Wasser und den Schutz des Klimas<\/p>\n\n\n\n<p><a href=\"http:\/\/ec.europa.eu\/agriculture\/rural-development-2014-2020_de\">Link zur EU-Kommission<\/a><br><a href=\"http:\/\/www.schleswig-holstein.de\/DE\/Fachinhalte\/F\/foerderprogramme\/MELUR\/LPLR\/landesprogramm.html\">Link zum Landesprogramm l\u00e4ndlicher Raum<\/a><\/p>\n<\/div><\/div>\n\n\n\n<figure class=\"wp-block-image size-full\"><img loading=\"lazy\" decoding=\"async\" width=\"2560\" height=\"1442\" src=\"https:\/\/freudenhof.de\/wp-content\/uploads\/2020\/12\/P1070817-edited-scaled.jpg\" alt=\"Blumenfeld\" class=\"wp-image-139\" srcset=\"https:\/\/freudenhof.de\/wp-content\/uploads\/2020\/12\/P1070817-edited-scaled.jpg 2560w, https:\/\/freudenhof.de\/wp-content\/uploads\/2020\/12\/P1070817-edited-300x169.jpg 300w, https:\/\/freudenhof.de\/wp-content\/uploads\/2020\/12\/P1070817-edited-768x433.jpg 768w, https:\/\/freudenhof.de\/wp-content\/uploads\/2020\/12\/P1070817-edited-1536x865.jpg 1536w, https:\/\/freudenhof.de\/wp-content\/uploads\/2020\/12\/P1070817-edited-2048x1153.jpg 2048w\" sizes=\"auto, (max-width: 2560px) 100vw, 2560px\" \/><figcaption class=\"wp-element-caption\">Blumenfeld<\/figcaption><\/figure>\n\n\n\n<h3 class=\"wp-block-heading\">Neuer Wochenmarkt-Standplatz<\/h3>\n\n\n\n<p>Wir verkaufen unsere Erzeugnisse, erg\u00e4nzt durch andere Bio-Produkte, auf unserem neuen Standplatz an der Ecke Friedheim &#8211; F\u00f6rdestra\u00dfe in Flensburg, gegen\u00fcber vom Twedter Plack vor der Zahnarztpraxis am Plack von <strong>Mitte April bis Mitte November<\/strong> <strong>2025<\/strong>..<\/p>\n\n\n\n<p><\/p>\n\n\n\n<figure class=\"wp-block-image size-large\"><img loading=\"lazy\" decoding=\"async\" width=\"1024\" height=\"299\" src=\"https:\/\/freudenhof.de\/wp-content\/uploads\/2020\/03\/P1011658-1024x299.jpg\" alt=\"\" class=\"wp-image-26\" srcset=\"https:\/\/freudenhof.de\/wp-content\/uploads\/2020\/03\/P1011658-1024x299.jpg 1024w, https:\/\/freudenhof.de\/wp-content\/uploads\/2020\/03\/P1011658-300x88.jpg 300w, https:\/\/freudenhof.de\/wp-content\/uploads\/2020\/03\/P1011658-768x224.jpg 768w, https:\/\/freudenhof.de\/wp-content\/uploads\/2020\/03\/P1011658-1536x448.jpg 1536w, https:\/\/freudenhof.de\/wp-content\/uploads\/2020\/03\/P1011658-2048x597.jpg 2048w\" sizes=\"auto, (max-width: 1024px) 100vw, 1024px\" \/><figcaption class=\"wp-element-caption\">Unser Marktstand vor dem &#8222;Umzug&#8220; auf die andere Stra\u00dfenseite<\/figcaption><\/figure>\n\n\n\n<p><a href=\"https:\/\/freudenhof.de\/?page_id=69\" data-type=\"page\" data-id=\"69\">Mehr info&#8230;<\/a><\/p>\n\n\n\n<h3 class=\"wp-block-heading\">Bio-Wunschkisten sind wieder verf\u00fcgbar<\/h3>\n\n\n\n<p>Wir liefern unsere Bio-Wunschkisten an Haushalte in der Region s\u00fcdliches und \u00f6stliches Flensburg und n\u00e4here Umgebung. <\/p>\n\n\n\n<p><a href=\"https:\/\/freudenhof.de\/?page_id=53\" data-type=\"page\" data-id=\"53\">Mehr info&#8230;<\/a><\/p>\n\n\n\n<h3 class=\"wp-block-heading\">Bio von hier<\/h3>\n\n\n\n<p><strong>Bio von hier<\/strong> ist eine Initiative von Bioh\u00f6fen aus der Region Angeln und Schwansen. Ziel der Initiative ist es, saisonale Bio-Lebensmittel von diversen Betrieben aus der Region anzubieten, ohne dass Sie zu einzelnen Hofl\u00e4den fahren m\u00fcssten. Sie k\u00f6nnen Produkte einfach w\u00f6chentlich bestellen und an einer der \u00dcbergabestellen abholen. <\/p>\n\n\n\n<p><a href=\"https:\/\/bio-vonhier.de\" target=\"_blank\" rel=\"noreferrer noopener\">www.bio-vonhier.de<\/a><\/p>\n\n\n\n<p><\/p>\n","protected":false},"excerpt":{"rendered":"<p>Willkommen auf dem Freudenhof! Wir (Familie Petersen) bewirtschaften einen kleinen Bioland-Betrieb in Freienwill, s\u00fcdlich von Flensburg. Auf knapp 10 Hektar Land bauen wir seit 1985 unter anderem Gem\u00fcse, Kartoffeln, Obst, Blumen und Kr\u00e4uter an. Wir verkaufen unsere Produkte in und aus der Region, unter anderem von Mitte April bis Mitte November samstags 9-13 Uhr in [&hellip;]<\/p>\n","protected":false},"author":2,"featured_media":13,"parent":0,"menu_order":0,"comment_status":"closed","ping_status":"closed","template":"","meta":{"footnotes":""},"class_list":["post-6","page","type-page","status-publish","has-post-thumbnail","hentry"],"_links":{"self":[{"href":"https:\/\/freudenhof.de\/index.php?rest_route=\/wp\/v2\/pages\/6","targetHints":{"allow":["GET"]}}],"collection":[{"href":"https:\/\/freudenhof.de\/index.php?rest_route=\/wp\/v2\/pages"}],"about":[{"href":"https:\/\/freudenhof.de\/index.php?rest_route=\/wp\/v2\/types\/page"}],"author":[{"embeddable":true,"href":"https:\/\/freudenhof.de\/index.php?rest_route=\/wp\/v2\/users\/2"}],"replies":[{"embeddable":true,"href":"https:\/\/freudenhof.de\/index.php?rest_route=%2Fwp%2Fv2%2Fcomments&post=6"}],"version-history":[{"count":41,"href":"https:\/\/freudenhof.de\/index.php?rest_route=\/wp\/v2\/pages\/6\/revisions"}],"predecessor-version":[{"id":351,"href":"https:\/\/freudenhof.de\/index.php?rest_route=\/wp\/v2\/pages\/6\/revisions\/351"}],"wp:featuredmedia":[{"embeddable":true,"href":"https:\/\/freudenhof.de\/index.php?rest_route=\/wp\/v2\/media\/13"}],"wp:attachment":[{"href":"https:\/\/freudenhof.de\/index.php?rest_route=%2Fwp%2Fv2%2Fmedia&parent=6"}],"curies":[{"name":"wp","href":"https:\/\/api.w.org\/{rel}","templated":true}]}}