{"id":53,"date":"2020-03-23T20:54:49","date_gmt":"2020-03-23T20:54:49","guid":{"rendered":"https:\/\/freudenhof.de\/?page_id=53"},"modified":"2025-04-08T19:15:58","modified_gmt":"2025-04-08T19:15:58","slug":"abokisten","status":"publish","type":"page","link":"https:\/\/freudenhof.de\/?page_id=53","title":{"rendered":"Abokisten"},"content":{"rendered":"\n<p>auf Wunsch bieten wir <strong>Bio-Wunschkisten mit frischem, bunten Gem\u00fcse und Obst freitags<\/strong> auch im Winter ans Haus geliefert f\u00fcr den Raum M\u00fcrwik, \u00f6stliches und s\u00fcdliches Flensburg und n\u00e4here Umgebung an.<\/p>\n\n\n\n<p><\/p>\n\n\n\n<p>Dazu versenden wir bei Bedarf regelm\u00e4\u00dfig dienstags eine w\u00f6chentlich aktualisierte bunte Speisekarte \/ Angebotsliste an Ihre bzw Eure Email-Adresse, in der individuelle Wunschmengen f\u00fcr eine Bestellung eingetragen werden k\u00f6nnen.<\/p>\n\n\n\n<p>Ab sofort gibt es auch eine Online-Bestellm\u00f6glichkeit \u00fcber diese unsere Homepage, hier der Link dazu:<\/p>\n\n\n\n<p><a href=\"https:\/\/bestellung.freudenhof.de\">bestellung.freudenhof.de<\/a><\/p>\n\n\n\n<p>Bei Interesse bitte dort Name, Lieferadresse und Emailadresse angeben.<\/p>\n\n\n\n<p>Wir freuen uns auf neue Kund*innen.<\/p>\n\n\n\n<p>Mindestbestellwert: 20.-\u20ac, Fahrkostenbeitrag 2.-\u20ac bis 3.- \u20ac je nach Auftragswert (ab 30.- nur 2.-\u20ac) je Lieferung oder mehr bei gr\u00f6\u00dferer Entfernung.<\/p>\n\n\n\n<p>oder senden Sie uns gerne eine Email-Nachricht oder rufen Sie uns an: 04602 312<\/p>\n\n\n\n<p><\/p>\n","protected":false},"excerpt":{"rendered":"<p>auf Wunsch bieten wir Bio-Wunschkisten mit frischem, bunten Gem\u00fcse und Obst freitags auch im Winter ans Haus geliefert f\u00fcr den Raum M\u00fcrwik, \u00f6stliches und s\u00fcdliches Flensburg und n\u00e4here Umgebung an. Dazu versenden wir bei Bedarf regelm\u00e4\u00dfig dienstags eine w\u00f6chentlich aktualisierte bunte Speisekarte \/ Angebotsliste an Ihre bzw Eure Email-Adresse, in der individuelle Wunschmengen f\u00fcr eine [&hellip;]<\/p>\n","protected":false},"author":2,"featured_media":0,"parent":0,"menu_order":0,"comment_status":"closed","ping_status":"closed","template":"","meta":{"footnotes":""},"class_list":["post-53","page","type-page","status-publish","hentry"],"_links":{"self":[{"href":"https:\/\/freudenhof.de\/index.php?rest_route=\/wp\/v2\/pages\/53","targetHints":{"allow":["GET"]}}],"collection":[{"href":"https:\/\/freudenhof.de\/index.php?rest_route=\/wp\/v2\/pages"}],"about":[{"href":"https:\/\/freudenhof.de\/index.php?rest_route=\/wp\/v2\/types\/page"}],"author":[{"embeddable":true,"href":"https:\/\/freudenhof.de\/index.php?rest_route=\/wp\/v2\/users\/2"}],"replies":[{"embeddable":true,"href":"https:\/\/freudenhof.de\/index.php?rest_route=%2Fwp%2Fv2%2Fcomments&post=53"}],"version-history":[{"count":12,"href":"https:\/\/freudenhof.de\/index.php?rest_route=\/wp\/v2\/pages\/53\/revisions"}],"predecessor-version":[{"id":320,"href":"https:\/\/freudenhof.de\/index.php?rest_route=\/wp\/v2\/pages\/53\/revisions\/320"}],"wp:attachment":[{"href":"https:\/\/freudenhof.de\/index.php?rest_route=%2Fwp%2Fv2%2Fmedia&parent=53"}],"curies":[{"name":"wp","href":"https:\/\/api.w.org\/{rel}","templated":true}]}}